{"id":46,"date":"2016-01-12T13:38:31","date_gmt":"2016-01-12T13:38:31","guid":{"rendered":"http:\/\/172.31.50.131\/40horas\/?page_id=46"},"modified":"2026-01-21T23:35:52","modified_gmt":"2026-01-22T02:35:52","slug":"pastorales","status":"publish","type":"page","link":"https:\/\/santuario40horas.cl\/?page_id=46","title":{"rendered":"Pastorales"},"content":{"rendered":"\t\t<div data-elementor-type=\"wp-page\" data-elementor-id=\"46\" class=\"elementor elementor-46\">\n\t\t\t\t<div class=\"elementor-element elementor-element-29c03e2 e-flex e-con-boxed e-con e-parent\" data-id=\"29c03e2\" data-element_type=\"container\">\n\t\t\t\t\t<div class=\"e-con-inner\">\n\t\t\t\t<div class=\"elementor-element elementor-element-0f33fc3 elementor-widget elementor-widget-spacer\" data-id=\"0f33fc3\" data-element_type=\"widget\" data-widget_type=\"spacer.default\">\n\t\t\t\t\t\t\t<div class=\"elementor-spacer\">\n\t\t\t<div class=\"elementor-spacer-inner\"><\/div>\n\t\t<\/div>\n\t\t\t\t\t\t<\/div>\n\t\t\t\t\t<\/div>\n\t\t\t\t<\/div>\n\t\t<div class=\"elementor-element elementor-element-204b2ba e-flex e-con-boxed e-con e-parent\" data-id=\"204b2ba\" data-element_type=\"container\">\n\t\t\t\t\t<div class=\"e-con-inner\">\n\t\t\t\t<div class=\"elementor-element elementor-element-4b61064 elementor-widget elementor-widget-heading\" data-id=\"4b61064\" data-element_type=\"widget\" data-widget_type=\"heading.default\">\n\t\t\t\t\t<h2 class=\"elementor-heading-title elementor-size-default\">Pastorales<\/h2>\t\t\t\t<\/div>\n\t\t\t\t\t<\/div>\n\t\t\t\t<\/div>\n\t\t<div class=\"elementor-element elementor-element-5dc0dd9 e-flex e-con-boxed e-con e-parent\" data-id=\"5dc0dd9\" data-element_type=\"container\">\n\t\t\t\t\t<div class=\"e-con-inner\">\n\t\t\t\t<div class=\"elementor-element elementor-element-c3926b4 elementor-widget elementor-widget-spacer\" data-id=\"c3926b4\" data-element_type=\"widget\" data-widget_type=\"spacer.default\">\n\t\t\t\t\t\t\t<div class=\"elementor-spacer\">\n\t\t\t<div class=\"elementor-spacer-inner\"><\/div>\n\t\t<\/div>\n\t\t\t\t\t\t<\/div>\n\t\t\t\t<div class=\"elementor-element elementor-element-a91955c elementor-widget elementor-widget-text-editor\" data-id=\"a91955c\" data-element_type=\"widget\" data-widget_type=\"text-editor.default\">\n\t\t\t\t\t\t\t\t\t<p style=\"padding-left: 40px;\">Grupo de alumnos de PUCV apoyando pastoral de nuestro santuario.<\/p>\t\t\t\t\t\t\t\t<\/div>\n\t\t\t\t<div class=\"elementor-element elementor-element-9fcebff elementor-arrows-position-inside elementor-pagination-position-outside elementor-invisible elementor-widget elementor-widget-image-carousel\" data-id=\"9fcebff\" data-element_type=\"widget\" data-settings=\"{&quot;slides_to_show&quot;:&quot;3&quot;,&quot;slides_to_scroll&quot;:&quot;1&quot;,&quot;image_spacing_custom&quot;:{&quot;unit&quot;:&quot;px&quot;,&quot;size&quot;:10,&quot;sizes&quot;:[]},&quot;_animation&quot;:&quot;fadeIn&quot;,&quot;navigation&quot;:&quot;both&quot;,&quot;autoplay&quot;:&quot;yes&quot;,&quot;pause_on_hover&quot;:&quot;yes&quot;,&quot;pause_on_interaction&quot;:&quot;yes&quot;,&quot;autoplay_speed&quot;:5000,&quot;infinite&quot;:&quot;yes&quot;,&quot;speed&quot;:500,&quot;image_spacing_custom_tablet&quot;:{&quot;unit&quot;:&quot;px&quot;,&quot;size&quot;:&quot;&quot;,&quot;sizes&quot;:[]},&quot;image_spacing_custom_mobile&quot;:{&quot;unit&quot;:&quot;px&quot;,&quot;size&quot;:&quot;&quot;,&quot;sizes&quot;:[]}}\" data-widget_type=\"image-carousel.default\">\n\t\t\t\t\t\t\t<div class=\"elementor-image-carousel-wrapper swiper\" role=\"region\" aria-roledescription=\"carousel\" aria-label=\"Carrusel de im\u00e1genes\" dir=\"ltr\">\n\t\t\t<div class=\"elementor-image-carousel swiper-wrapper\" aria-live=\"off\">\n\t\t\t\t\t\t\t\t<div class=\"swiper-slide\" role=\"group\" aria-roledescription=\"slide\" aria-label=\"1 de 6\"><figure class=\"swiper-slide-inner\"><img decoding=\"async\" class=\"swiper-slide-image\" src=\"https:\/\/santuario40horas.cl\/wp-content\/uploads\/2026\/01\/WhatsApp-Image-2026-01-18-at-20.37.20-768x1024.jpeg\" alt=\"WhatsApp Image 2026-01-18 at 20.37.20\" \/><\/figure><\/div><div class=\"swiper-slide\" role=\"group\" aria-roledescription=\"slide\" aria-label=\"2 de 6\"><figure class=\"swiper-slide-inner\"><img decoding=\"async\" class=\"swiper-slide-image\" src=\"https:\/\/santuario40horas.cl\/wp-content\/uploads\/2026\/01\/WhatsApp-Image-2026-01-18-at-20.37.19-768x1024.jpeg\" alt=\"WhatsApp Image 2026-01-18 at 20.37.19\" \/><\/figure><\/div><div class=\"swiper-slide\" role=\"group\" aria-roledescription=\"slide\" aria-label=\"3 de 6\"><figure class=\"swiper-slide-inner\"><img decoding=\"async\" class=\"swiper-slide-image\" src=\"https:\/\/santuario40horas.cl\/wp-content\/uploads\/2026\/01\/WhatsApp-Image-2026-01-18-at-20.37.19-1-768x1024.jpeg\" alt=\"WhatsApp Image 2026-01-18 at 20.37.19 (1)\" \/><\/figure><\/div><div class=\"swiper-slide\" role=\"group\" aria-roledescription=\"slide\" aria-label=\"4 de 6\"><figure class=\"swiper-slide-inner\"><img decoding=\"async\" class=\"swiper-slide-image\" src=\"https:\/\/santuario40horas.cl\/wp-content\/uploads\/2026\/01\/WhatsApp-Image-2026-01-18-at-20.37.19-2-768x1024.jpeg\" alt=\"WhatsApp Image 2026-01-18 at 20.37.19 (2)\" \/><\/figure><\/div><div class=\"swiper-slide\" role=\"group\" aria-roledescription=\"slide\" aria-label=\"5 de 6\"><figure class=\"swiper-slide-inner\"><img decoding=\"async\" class=\"swiper-slide-image\" src=\"https:\/\/santuario40horas.cl\/wp-content\/uploads\/2026\/01\/misioneros1-1-768x1024.jpg\" alt=\"misioneros1\" \/><\/figure><\/div><div class=\"swiper-slide\" role=\"group\" aria-roledescription=\"slide\" aria-label=\"6 de 6\"><figure class=\"swiper-slide-inner\"><img decoding=\"async\" class=\"swiper-slide-image\" src=\"https:\/\/santuario40horas.cl\/wp-content\/uploads\/2026\/01\/misioneros2-768x1019.jpg\" alt=\"misioneros2\" \/><\/figure><\/div>\t\t\t<\/div>\n\t\t\t\t\t\t\t\t\t\t\t\t<div class=\"elementor-swiper-button elementor-swiper-button-prev\" role=\"button\" tabindex=\"0\">\n\t\t\t\t\t\t<svg aria-hidden=\"true\" class=\"e-font-icon-svg e-eicon-chevron-left\" viewBox=\"0 0 1000 1000\" xmlns=\"http:\/\/www.w3.org\/2000\/svg\"><path d=\"M646 125C629 125 613 133 604 142L308 442C296 454 292 471 292 487 292 504 296 521 308 533L604 854C617 867 629 875 646 875 663 875 679 871 692 858 704 846 713 829 713 812 713 796 708 779 692 767L438 487 692 225C700 217 708 204 708 187 708 171 704 154 692 142 675 129 663 125 646 125Z\"><\/path><\/svg>\t\t\t\t\t<\/div>\n\t\t\t\t\t<div class=\"elementor-swiper-button elementor-swiper-button-next\" role=\"button\" tabindex=\"0\">\n\t\t\t\t\t\t<svg aria-hidden=\"true\" class=\"e-font-icon-svg e-eicon-chevron-right\" viewBox=\"0 0 1000 1000\" xmlns=\"http:\/\/www.w3.org\/2000\/svg\"><path d=\"M696 533C708 521 713 504 713 487 713 471 708 454 696 446L400 146C388 133 375 125 354 125 338 125 325 129 313 142 300 154 292 171 292 187 292 204 296 221 308 233L563 492 304 771C292 783 288 800 288 817 288 833 296 850 308 863 321 871 338 875 354 875 371 875 388 867 400 854L696 533Z\"><\/path><\/svg>\t\t\t\t\t<\/div>\n\t\t\t\t\n\t\t\t\t\t\t\t\t\t<div class=\"swiper-pagination\"><\/div>\n\t\t\t\t\t\t\t\t\t<\/div>\n\t\t\t\t\t\t<\/div>\n\t\t\t\t<div class=\"elementor-element elementor-element-62c0fd6 elementor-widget elementor-widget-spacer\" data-id=\"62c0fd6\" data-element_type=\"widget\" data-widget_type=\"spacer.default\">\n\t\t\t\t\t\t\t<div class=\"elementor-spacer\">\n\t\t\t<div class=\"elementor-spacer-inner\"><\/div>\n\t\t<\/div>\n\t\t\t\t\t\t<\/div>\n\t\t\t\t\t<\/div>\n\t\t\t\t<\/div>\n\t\t<div class=\"elementor-element elementor-element-1a3dba9 e-flex e-con-boxed e-con e-parent\" data-id=\"1a3dba9\" data-element_type=\"container\">\n\t\t\t\t\t<div class=\"e-con-inner\">\n\t\t\t\t\t<\/div>\n\t\t\t\t<\/div>\n\t\t<div class=\"elementor-element elementor-element-e6c0561 e-flex e-con-boxed e-con e-parent\" data-id=\"e6c0561\" data-element_type=\"container\">\n\t\t\t\t\t<div class=\"e-con-inner\">\n\t\t\t\t<div class=\"elementor-element elementor-element-b6f5918 elementor-widget elementor-widget-text-editor\" data-id=\"b6f5918\" data-element_type=\"widget\" data-widget_type=\"text-editor.default\">\n\t\t\t\t\t\t\t\t\t<p style=\"padding-left: 40px;\"><b>Grupo Renacer en Cristo<\/b><\/p><p style=\"padding-left: 40px;\">Es un grupo del Adulto Mayor conformado especialmente por se\u00f1oras, que se re\u00fanen cada jueves, a las 15:30 Horas. Sus reuniones son eminentemente recreativas. Su actual presidente es la Sra. Luc\u00eda Figueroa de Bahamondes.<\/p><p style=\"padding-left: 40px;\"><b>Grupo Santa Cecilia<\/b><\/p><p style=\"padding-left: 40px;\">Actualmente est\u00e1 compuesto por 14 personas que participan cada Domingo de la Misa de las 12:00 hrs.<br \/>Nos juntamos a preparar los cantos de la misa cada semana, el Domingo a las 10:30 hrs.<br \/>Buscando cumplir as\u00ed el objetivo principal de nuestro grupo, que es \u201cacompa\u00f1ar\u201d las misas, guiar los cantos y alegrar las celebraciones. Uno de nuestros principales motores es la devoci\u00f3n a la Virgen Mar\u00eda, es por eso que durante la fiesta de las cuarenta horas tomamos la fuerza necesaria para poder trabajar por y para Dios, durante todo el a\u00f1o.<\/p><p style=\"padding-left: 40px;\"><b>Sociedad de los Sagrados Corazones de Jes\u00fas y Mar\u00eda<\/b><\/p><p style=\"padding-left: 40px;\">Este grupo formado exclusivamente por se\u00f1oras que se preocupan de cultivar y fomentar la devoci\u00f3n a los Sagrados Corazones de Jes\u00fas y Mar\u00eda. Ellas no s\u00f3lo est\u00e1n en el plano devocional, sino tambi\u00e9n hacen presente concretamente el amor de Dios a los mas necesitados. Ellas se re\u00fanen el 2\u00ba viernes de cada mes, y por supuesto, asisten como grupo a la hora santa y a la santa misa el primer viernes de cada mes. Su actual presidente es la Sra. Eliana Cabezas y su secretaria es la Srta. In\u00e9s Guerrero.<\/p><p style=\"padding-left: 40px;\"><b>Centro de Servidores de la Virgen de Las 40 Horas \u201cMons. Luis Alberto Rivera\u201d<\/b><\/p><p style=\"padding-left: 40px;\">Este grupo esta formado mayoritariamente por caballeros, que junto a sus esposas e hijos, cultivan una especial devoci\u00f3n a la Virgen Pur\u00edsima de las 40 Horas. Es un grupo aproximado de 50 personas, que se re\u00fanen los cuartos domingos de cada mes, a las 10:30 horas. Su actual presidente es Don Jos\u00e9 Cisternas.<\/p><p style=\"padding-left: 40px;\"><b>Grupo de Ac\u00f3litos San Tarcisio<\/b><\/p><p style=\"padding-left: 40px;\">Es un grupo de ni\u00f1os que se dedican al servicio del altar. Es un grupo que ha distinguido a nuestra comunidad parroquial por su s\u00f3lida formaci\u00f3n cristiana. De este grupo han salido ya varias vocaciones para nuestro Seminario Mayor de Lo V\u00e1squez \u00a0y se re\u00fane cada domingo, a las 10:30 horas.<\/p>\t\t\t\t\t\t\t\t<\/div>\n\t\t\t\t\t<\/div>\n\t\t\t\t<\/div>\n\t\t\t\t<\/div>\n\t\t","protected":false},"excerpt":{"rendered":"<p>Pastorales Grupo de alumnos de PUCV apoyando pastoral de nuestro santuario. Grupo Renacer en Cristo Es un grupo del Adulto Mayor conformado especialmente por se\u00f1oras, que se re\u00fanen cada jueves, a las 15:30 Horas. Sus reuniones son eminentemente recreativas. Su actual presidente es la Sra. Luc\u00eda Figueroa de Bahamondes. Grupo Santa Cecilia Actualmente est\u00e1 compuesto [&hellip;]<\/p>\n","protected":false},"author":1,"featured_media":0,"parent":0,"menu_order":0,"comment_status":"closed","ping_status":"closed","template":"","meta":{"footnotes":""},"class_list":["post-46","page","type-page","status-publish","hentry"],"_links":{"self":[{"href":"https:\/\/santuario40horas.cl\/index.php?rest_route=\/wp\/v2\/pages\/46","targetHints":{"allow":["GET"]}}],"collection":[{"href":"https:\/\/santuario40horas.cl\/index.php?rest_route=\/wp\/v2\/pages"}],"about":[{"href":"https:\/\/santuario40horas.cl\/index.php?rest_route=\/wp\/v2\/types\/page"}],"author":[{"embeddable":true,"href":"https:\/\/santuario40horas.cl\/index.php?rest_route=\/wp\/v2\/users\/1"}],"replies":[{"embeddable":true,"href":"https:\/\/santuario40horas.cl\/index.php?rest_route=%2Fwp%2Fv2%2Fcomments&post=46"}],"version-history":[{"count":48,"href":"https:\/\/santuario40horas.cl\/index.php?rest_route=\/wp\/v2\/pages\/46\/revisions"}],"predecessor-version":[{"id":944,"href":"https:\/\/santuario40horas.cl\/index.php?rest_route=\/wp\/v2\/pages\/46\/revisions\/944"}],"wp:attachment":[{"href":"https:\/\/santuario40horas.cl\/index.php?rest_route=%2Fwp%2Fv2%2Fmedia&parent=46"}],"curies":[{"name":"wp","href":"https:\/\/api.w.org\/{rel}","templated":true}]}}