{"id":53,"date":"2016-01-12T13:47:30","date_gmt":"2016-01-12T13:47:30","guid":{"rendered":"http:\/\/172.31.50.131\/40horas\/?page_id=53"},"modified":"2026-01-21T23:32:06","modified_gmt":"2026-01-22T02:32:06","slug":"historia-de-la-santa-cruz","status":"publish","type":"page","link":"https:\/\/santuario40horas.cl\/?page_id=53","title":{"rendered":"Historia de la Santa Cruz"},"content":{"rendered":"\t\t<div data-elementor-type=\"wp-page\" data-elementor-id=\"53\" class=\"elementor elementor-53\">\n\t\t\t\t<div class=\"elementor-element elementor-element-63a5349 e-flex e-con-boxed e-con e-parent\" data-id=\"63a5349\" data-element_type=\"container\">\n\t\t\t\t\t<div class=\"e-con-inner\">\n\t\t\t\t<div class=\"elementor-element elementor-element-30f389d elementor-widget elementor-widget-spacer\" data-id=\"30f389d\" data-element_type=\"widget\" data-widget_type=\"spacer.default\">\n\t\t\t\t\t\t\t<div class=\"elementor-spacer\">\n\t\t\t<div class=\"elementor-spacer-inner\"><\/div>\n\t\t<\/div>\n\t\t\t\t\t\t<\/div>\n\t\t\t\t\t<\/div>\n\t\t\t\t<\/div>\n\t\t<div class=\"elementor-element elementor-element-ab34403 e-flex e-con-boxed e-con e-parent\" data-id=\"ab34403\" data-element_type=\"container\">\n\t\t\t\t\t<div class=\"e-con-inner\">\n\t\t\t\t<div class=\"elementor-element elementor-element-486652b elementor-widget elementor-widget-heading\" data-id=\"486652b\" data-element_type=\"widget\" data-widget_type=\"heading.default\">\n\t\t\t\t\t<h2 class=\"elementor-heading-title elementor-size-default\">Historia de la Santa Cruz<\/h2>\t\t\t\t<\/div>\n\t\t\t\t\t<\/div>\n\t\t\t\t<\/div>\n\t\t<div class=\"elementor-element elementor-element-e54fc40 e-flex e-con-boxed e-con e-parent\" data-id=\"e54fc40\" data-element_type=\"container\">\n\t\t\t\t\t<div class=\"e-con-inner\">\n\t\t\t\t<div class=\"elementor-element elementor-element-85af125 elementor-widget elementor-widget-spacer\" data-id=\"85af125\" data-element_type=\"widget\" data-widget_type=\"spacer.default\">\n\t\t\t\t\t\t\t<div class=\"elementor-spacer\">\n\t\t\t<div class=\"elementor-spacer-inner\"><\/div>\n\t\t<\/div>\n\t\t\t\t\t\t<\/div>\n\t\t\t\t\t<\/div>\n\t\t\t\t<\/div>\n\t\t<div class=\"elementor-element elementor-element-0d4de0b e-flex e-con-boxed e-con e-parent\" data-id=\"0d4de0b\" data-element_type=\"container\">\n\t\t\t\t\t<div class=\"e-con-inner\">\n\t\t\t\t<div class=\"elementor-element elementor-element-bb62d30 elementor-widget elementor-widget-text-editor\" data-id=\"bb62d30\" data-element_type=\"widget\" data-widget_type=\"text-editor.default\">\n\t\t\t\t\t\t\t\t\t<p style=\"padding-left: 40px;\">La historia de Limache se entrelaza con la historia de la Parroquia, tan profundamente, que basta s\u00f3lo mencionar que en el Siglo XVII el nombre de Limache o LLi-Machi, como lo llamaban los abor\u00edgenes de la zona, se cambi\u00f3 por el de Asiento de la Santa Cruz.<\/p><p style=\"padding-left: 40px;\">Posteriormente el nombre pas\u00f3 a ser Valle Alegre de Limache y luego volvi\u00f3 a ser Limache.<\/p><h3 style=\"text-align: center;\"><span style=\"text-decoration: underline;\">El Santo Cristo de Limache<\/span><\/h3><p style=\"padding-left: 40px;\">Seg\u00fan la tradici\u00f3n, un indio que buscaba le\u00f1a, en 1634, encontr\u00f3 en el coraz\u00f3n de un espino, la figura que resembraba a Cristo y que fue atribuida a un milagro.<\/p><p style=\"padding-left: 30px;\">(Tomado de la Historia de Limache de Belarmino Torres)<br \/>Al menos seis obispos fueron testigos, entre otros sacerdotes de alta fama, como el <strong>Padre Alonso de Ovalle<\/strong> (1640),quien escribi\u00f3:<br \/><em>\u201d Corri\u00f3 la voz de tan gran prodigio y una se\u00f1ora muy noble y muy devota le edific\u00f3 una iglesia\u201d.<\/em><\/p><p style=\"padding-left: 30px;\">Era esa se\u00f1ora probablemente do\u00f1a Mar\u00eda De Osorio, viuda de Francisco Rivero el mozo, propietario tambi\u00e9n a la saz\u00f3n de la vecina estancia de Vi\u00f1a del Mar.<br \/><em>\u201cYo confieso de m\u00ed, que luego de los umbrales de la Iglesia vi este prodigioso \u00e1rbol, a la primera vista se me present\u00f3 en un todo confuso, aquella celestial figura del crucifijo, me sent\u00ed movido interiormente y, como fuera de mi reconociendo a vista de ojos lo que apenas se puede creer si no se ve, ni yo hab\u00eda pensado que era tano, aunque me lo hab\u00edan encarecido como merece\u201d.<\/em><\/p><p style=\"padding-left: 40px;\">El mismo Padre hizo grabar de memoria un retrato de aquella imagen; y enseguida otros artistas de igual fuerza, como el Padre Ag\u00fcero en su Descripci\u00f3n Historial de Chilo\u00e9, reprodujo la l\u00e1mina con la fe fervorosa de su siglo.<\/p><p style=\"padding-left: 40px;\">La Iglesia de la Santa Cruz era parte sufrag\u00e1nea del curato de Renca y m\u00e1s tarde trasladaron alli la ponderada imagen <em> (se supone por la fecha de consagraci\u00f3n que fue en 1751)<\/em>, hasta que se quem\u00f3 en el templo a fines del pasado siglo.<br \/>De aqu\u00ed el que se le llame tambi\u00e9n el Cristo de Limache, el Santo Cristo de Renca.<br \/>En la provincia de San Luis de la Punta, rep\u00fablica Argentina, existe una subdelegaci\u00f3n rural que lleva esa denominaci\u00f3n oficial.<\/p><p style=\"padding-left: 40px;\">Tambi\u00e9n cuenta la historia que por muchos a\u00f1os fue aquel le\u00f1o el rival de su memorable contempor\u00e1neo, el Se\u00f1or de la Agon\u00eda, que todav\u00eda se venera en la Iglesia de las Agustinas (Santiago).<\/p><p style=\"padding-left: 40px;\"><strong>Fuentes Bibliogr\u00e1ficas:<\/strong><br \/>\u201cViaje de Valpara\u00edso a Santiago\u201d, Benjam\u00edn Vicu\u00f1a Mackenna, Chile. 1877.<\/p><p style=\"padding-left: 40px;\"><em>Historia de Limache<\/em>, en \u201cChile \u2013 Obra Hist\u00f3rica, Biogr\u00e1fica e Informativa\u201d. Bellarmino Torres Vergara, Chile, 1957.<\/p>\t\t\t\t\t\t\t\t<\/div>\n\t\t\t\t\t<\/div>\n\t\t\t\t<\/div>\n\t\t<div class=\"elementor-element elementor-element-5b3cec9 e-flex e-con-boxed e-con e-parent\" data-id=\"5b3cec9\" data-element_type=\"container\">\n\t\t\t\t\t<div class=\"e-con-inner\">\n\t\t\t\t<div class=\"elementor-element elementor-element-39c41a4 elementor-widget elementor-widget-spacer\" data-id=\"39c41a4\" data-element_type=\"widget\" data-widget_type=\"spacer.default\">\n\t\t\t\t\t\t\t<div class=\"elementor-spacer\">\n\t\t\t<div class=\"elementor-spacer-inner\"><\/div>\n\t\t<\/div>\n\t\t\t\t\t\t<\/div>\n\t\t\t\t\t<\/div>\n\t\t\t\t<\/div>\n\t\t\t\t<\/div>\n\t\t","protected":false},"excerpt":{"rendered":"<p>Historia de la Santa Cruz La historia de Limache se entrelaza con la historia de la Parroquia, tan profundamente, que basta s\u00f3lo mencionar que en el Siglo XVII el nombre de Limache o LLi-Machi, como lo llamaban los abor\u00edgenes de la zona, se cambi\u00f3 por el de Asiento de la Santa Cruz. Posteriormente el nombre [&hellip;]<\/p>\n","protected":false},"author":1,"featured_media":0,"parent":0,"menu_order":0,"comment_status":"closed","ping_status":"closed","template":"","meta":{"footnotes":""},"class_list":["post-53","page","type-page","status-publish","hentry"],"_links":{"self":[{"href":"https:\/\/santuario40horas.cl\/index.php?rest_route=\/wp\/v2\/pages\/53","targetHints":{"allow":["GET"]}}],"collection":[{"href":"https:\/\/santuario40horas.cl\/index.php?rest_route=\/wp\/v2\/pages"}],"about":[{"href":"https:\/\/santuario40horas.cl\/index.php?rest_route=\/wp\/v2\/types\/page"}],"author":[{"embeddable":true,"href":"https:\/\/santuario40horas.cl\/index.php?rest_route=\/wp\/v2\/users\/1"}],"replies":[{"embeddable":true,"href":"https:\/\/santuario40horas.cl\/index.php?rest_route=%2Fwp%2Fv2%2Fcomments&post=53"}],"version-history":[{"count":25,"href":"https:\/\/santuario40horas.cl\/index.php?rest_route=\/wp\/v2\/pages\/53\/revisions"}],"predecessor-version":[{"id":932,"href":"https:\/\/santuario40horas.cl\/index.php?rest_route=\/wp\/v2\/pages\/53\/revisions\/932"}],"wp:attachment":[{"href":"https:\/\/santuario40horas.cl\/index.php?rest_route=%2Fwp%2Fv2%2Fmedia&parent=53"}],"curies":[{"name":"wp","href":"https:\/\/api.w.org\/{rel}","templated":true}]}}