{"id":687,"date":"2026-01-15T11:32:58","date_gmt":"2026-01-15T11:32:58","guid":{"rendered":"https:\/\/40horas.cl\/?page_id=687"},"modified":"2026-01-25T23:09:48","modified_gmt":"2026-01-26T02:09:48","slug":"home-parroquia-40-horas","status":"publish","type":"page","link":"https:\/\/santuario40horas.cl\/","title":{"rendered":"Parroquia 40 Horas"},"content":{"rendered":"\t\t<div data-elementor-type=\"wp-page\" data-elementor-id=\"687\" class=\"elementor elementor-687\">\n\t\t\t\t<div class=\"elementor-element elementor-element-cc06bb0 e-grid e-con-boxed e-con e-parent\" data-id=\"cc06bb0\" data-element_type=\"container\">\n\t\t\t\t\t<div class=\"e-con-inner\">\n\t\t\t\t<div class=\"elementor-element elementor-element-655cbf9 elementor-widget__width-auto elementor-invisible elementor-widget elementor-widget-image\" data-id=\"655cbf9\" data-element_type=\"widget\" data-settings=\"{&quot;_animation&quot;:&quot;fadeIn&quot;,&quot;_animation_delay&quot;:1000}\" data-widget_type=\"image.default\">\n\t\t\t\t\t\t\t\t\t\t\t\t\t\t\t<img fetchpriority=\"high\" decoding=\"async\" width=\"891\" height=\"1280\" src=\"https:\/\/santuario40horas.cl\/wp-content\/uploads\/2026\/01\/WhatsApp-Image-2026-01-19-at-20.34.26.jpeg\" class=\"elementor-animation-shrink attachment-full size-full wp-image-887\" alt=\"\" srcset=\"https:\/\/santuario40horas.cl\/wp-content\/uploads\/2026\/01\/WhatsApp-Image-2026-01-19-at-20.34.26.jpeg 891w, https:\/\/santuario40horas.cl\/wp-content\/uploads\/2026\/01\/WhatsApp-Image-2026-01-19-at-20.34.26-209x300.jpeg 209w, https:\/\/santuario40horas.cl\/wp-content\/uploads\/2026\/01\/WhatsApp-Image-2026-01-19-at-20.34.26-713x1024.jpeg 713w, https:\/\/santuario40horas.cl\/wp-content\/uploads\/2026\/01\/WhatsApp-Image-2026-01-19-at-20.34.26-768x1103.jpeg 768w\" sizes=\"(max-width: 891px) 100vw, 891px\" \/>\t\t\t\t\t\t\t\t\t\t\t\t\t\t\t<\/div>\n\t\t\t\t<div class=\"elementor-element elementor-element-4de6298 elementor-widget__width-auto elementor-invisible elementor-widget elementor-widget-image\" data-id=\"4de6298\" data-element_type=\"widget\" data-settings=\"{&quot;_animation&quot;:&quot;fadeIn&quot;,&quot;_animation_delay&quot;:1000}\" data-widget_type=\"image.default\">\n\t\t\t\t\t\t\t\t\t\t\t\t\t\t\t<img decoding=\"async\" width=\"974\" height=\"1280\" src=\"https:\/\/santuario40horas.cl\/wp-content\/uploads\/2026\/01\/WhatsApp-Image-2026-01-19-at-20.34.26-1.jpeg\" class=\"elementor-animation-shrink attachment-full size-full wp-image-886\" alt=\"\" srcset=\"https:\/\/santuario40horas.cl\/wp-content\/uploads\/2026\/01\/WhatsApp-Image-2026-01-19-at-20.34.26-1.jpeg 974w, https:\/\/santuario40horas.cl\/wp-content\/uploads\/2026\/01\/WhatsApp-Image-2026-01-19-at-20.34.26-1-228x300.jpeg 228w, https:\/\/santuario40horas.cl\/wp-content\/uploads\/2026\/01\/WhatsApp-Image-2026-01-19-at-20.34.26-1-779x1024.jpeg 779w, https:\/\/santuario40horas.cl\/wp-content\/uploads\/2026\/01\/WhatsApp-Image-2026-01-19-at-20.34.26-1-768x1009.jpeg 768w\" sizes=\"(max-width: 974px) 100vw, 974px\" \/>\t\t\t\t\t\t\t\t\t\t\t\t\t\t\t<\/div>\n\t\t\t\t\t<\/div>\n\t\t\t\t<\/div>\n\t\t<div class=\"elementor-element elementor-element-545efbe e-flex e-con-boxed e-con e-parent\" data-id=\"545efbe\" data-element_type=\"container\">\n\t\t\t\t\t<div class=\"e-con-inner\">\n\t\t<div class=\"elementor-element elementor-element-4cc5a96 e-grid e-con-full e-con e-child\" data-id=\"4cc5a96\" data-element_type=\"container\">\n\t\t\t\t<div class=\"elementor-element elementor-element-75e2e87 elementor-drop-cap-yes elementor-drop-cap-view-default elementor-widget elementor-widget-text-editor\" data-id=\"75e2e87\" data-element_type=\"widget\" data-settings=\"{&quot;drop_cap&quot;:&quot;yes&quot;}\" data-widget_type=\"text-editor.default\">\n\t\t\t\t\t\t\t\t\t<p style=\"padding-left: 40px;\"><b><strong>Horario de Misas<\/strong><br \/><\/b>Martes a S\u00e1bado 19:00 horas<br \/>Domingos 10:00 y 12:00 horas<br \/><em>Santo Rosario<\/em> 09:30 y 11:30 horas<br \/><em>Exposici\u00f3n del Sant\u00edsimo\u00a0<\/em>11:00 a 12:00 horas<\/p><p style=\"padding-left: 120px;\">D\u00eda 19 de cada mes Misa de San Expedito en la Capilla Nuestra Se\u00f1ora de F\u00e1tima, Limachito 18:00 horas.<\/p><p style=\"text-align: center;\">Primer viernes de cada mes Sagrado Coraz\u00f3n: Adoraci\u00f3n al Sant\u00edsimo 11:00 horas. Misa 12:00 y 19:00 horas<\/p><p style=\"padding-left: 120px;\">\u00a0<\/p>\t\t\t\t\t\t\t\t<\/div>\n\t\t\t\t<div class=\"elementor-element elementor-element-b2a3861 elementor-widget elementor-widget-text-editor\" data-id=\"b2a3861\" data-element_type=\"widget\" data-widget_type=\"text-editor.default\">\n\t\t\t\t\t\t\t\t\t<p><b><strong>Horario Oficina Parroquial<\/strong><br \/><\/b><br \/>Lunes 09:30 a 13:30 horas<br \/>Martes a S\u00e1bado 09:30 a 13:30 horas<br \/>15:30 a 18:30 horas<br \/>Domingo\u00a030 minutos antes de la misa<\/p>\t\t\t\t\t\t\t\t<\/div>\n\t\t\t\t<div class=\"elementor-element elementor-element-b8080a5 elementor-widget elementor-widget-text-editor\" data-id=\"b8080a5\" data-element_type=\"widget\" data-widget_type=\"text-editor.default\">\n\t\t\t\t\t\t\t\t\t<p><b><strong>Capillas d\u00edas s\u00e1bados<br \/><\/strong><\/b><br \/>San Alberto Hurtado Queronque 17:00 horas<br \/>Nuestra Se\u00f1ora de F\u00e1tima Limachito 18:00 horas<\/p>\t\t\t\t\t\t\t\t<\/div>\n\t\t\t\t<div class=\"elementor-element elementor-element-7c5c26e elementor-widget elementor-widget-text-editor\" data-id=\"7c5c26e\" data-element_type=\"widget\" data-widget_type=\"text-editor.default\">\n\t\t\t\t\t\t\t\t\t<p><strong>Contacto<\/strong><br \/>Email: parroquia@santuario40horas.cl<br \/>WhastApp: +569 41080210<\/p>\t\t\t\t\t\t\t\t<\/div>\n\t\t\t\t<\/div>\n\t\t<div class=\"elementor-element elementor-element-df1e03b e-con-full elementor-hidden-desktop elementor-hidden-tablet elementor-hidden-mobile e-flex e-con e-child\" data-id=\"df1e03b\" data-element_type=\"container\">\n\t\t\t\t<div class=\"elementor-element elementor-element-c34e868 elementor-widget elementor-widget-heading\" data-id=\"c34e868\" data-element_type=\"widget\" data-widget_type=\"heading.default\">\n\t\t\t\t\t<h2 class=\"elementor-heading-title elementor-size-default\">Programaci\u00f3n 2026<\/h2>\t\t\t\t<\/div>\n\t\t\t\t<\/div>\n\t\t\t\t<div class=\"elementor-element elementor-element-ddbc15b elementor-hidden-desktop elementor-hidden-tablet elementor-hidden-mobile e-n-tabs-mobile elementor-widget elementor-widget-n-tabs\" data-id=\"ddbc15b\" data-element_type=\"widget\" data-settings=\"{&quot;horizontal_scroll&quot;:&quot;disable&quot;}\" data-widget_type=\"nested-tabs.default\">\n\t\t\t\t\t\t\t<div class=\"e-n-tabs\" data-widget-number=\"232505691\" aria-label=\"Pesta\u00f1as. Abre elementos con Intro o Espacio, ci\u00e9rralos con Escape y navega con las fechas.\">\n\t\t\t<div class=\"e-n-tabs-heading\" role=\"tablist\">\n\t\t\t\t\t<button id=\"e-n-tab-title-2325056911\" data-tab-title-id=\"e-n-tab-title-2325056911\" class=\"e-n-tab-title\" aria-selected=\"true\" data-tab-index=\"1\" role=\"tab\" tabindex=\"0\" aria-controls=\"e-n-tab-content-2325056911\" style=\"--n-tabs-title-order: 1;\">\n\t\t\t\t\t\t<span class=\"e-n-tab-title-text\">\n\t\t\t\t24 de enero\t\t\t<\/span>\n\t\t<\/button>\n\t\t\t\t<button id=\"e-n-tab-title-2325056912\" data-tab-title-id=\"e-n-tab-title-2325056912\" class=\"e-n-tab-title\" aria-selected=\"false\" data-tab-index=\"2\" role=\"tab\" tabindex=\"-1\" aria-controls=\"e-n-tab-content-2325056912\" style=\"--n-tabs-title-order: 2;\">\n\t\t\t\t\t\t<span class=\"e-n-tab-title-text\">\n\t\t\t\t01 de febrero\t\t\t<\/span>\n\t\t<\/button>\n\t\t\t\t<button id=\"e-n-tab-title-2325056913\" data-tab-title-id=\"e-n-tab-title-2325056913\" class=\"e-n-tab-title\" aria-selected=\"false\" data-tab-index=\"3\" role=\"tab\" tabindex=\"-1\" aria-controls=\"e-n-tab-content-2325056913\" style=\"--n-tabs-title-order: 3;\">\n\t\t\t\t\t\t<span class=\"e-n-tab-title-text\">\n\t\t\t\tSemana santa\t\t\t<\/span>\n\t\t<\/button>\n\t\t\t\t\t<\/div>\n\t\t\t<div class=\"e-n-tabs-content\">\n\t\t\t\t<div id=\"e-n-tab-content-2325056911\" role=\"tabpanel\" aria-labelledby=\"e-n-tab-title-2325056911\" data-tab-index=\"1\" style=\"--n-tabs-title-order: 1;\" class=\"e-active elementor-element elementor-element-873ac41 e-con-full e-flex e-con e-child\" data-id=\"873ac41\" data-element_type=\"container\">\n\t\t\t\t<\/div>\n\t\t<div id=\"e-n-tab-content-2325056912\" role=\"tabpanel\" aria-labelledby=\"e-n-tab-title-2325056912\" data-tab-index=\"2\" style=\"--n-tabs-title-order: 2;\" class=\" elementor-element elementor-element-a9ee75e e-con-full e-flex e-con e-child\" data-id=\"a9ee75e\" data-element_type=\"container\">\n\t\t\t\t<\/div>\n\t\t<div id=\"e-n-tab-content-2325056913\" role=\"tabpanel\" aria-labelledby=\"e-n-tab-title-2325056913\" data-tab-index=\"3\" style=\"--n-tabs-title-order: 3;\" class=\" elementor-element elementor-element-9671217 e-con-full e-flex e-con e-child\" data-id=\"9671217\" data-element_type=\"container\">\n\t\t<div class=\"elementor-element elementor-element-5e171bb e-con-full e-flex e-con e-child\" data-id=\"5e171bb\" data-element_type=\"container\" data-settings=\"{&quot;background_background&quot;:&quot;classic&quot;}\">\n\t\t\t\t<div class=\"elementor-element elementor-element-0d260f2 elementor-widget elementor-widget-text-editor\" data-id=\"0d260f2\" data-element_type=\"widget\" data-widget_type=\"text-editor.default\">\n\t\t\t\t\t\t\t\t\t<p>xx de abril<br \/>00:00 horas<\/p><p><strong>Nombre evento<br \/><br \/><\/strong><\/p><p>xx de abril<br \/>00:00 horas<\/p><p>Nombre evento<br \/><br \/><\/p><p>xx de abril<br \/>00:00 horas<\/p><p><strong>Nombre evento<\/strong><\/p><p><strong>\u00a0<\/strong><\/p>\t\t\t\t\t\t\t\t<\/div>\n\t\t\t\t<\/div>\n\t\t\t\t<\/div>\n\t\t\t\t\t<\/div>\n\t\t<\/div>\n\t\t\t\t\t\t<\/div>\n\t\t\t\t\t<\/div>\n\t\t\t\t<\/div>\n\t\t<div class=\"elementor-element elementor-element-dcf17b0 e-flex e-con-boxed e-con e-parent\" data-id=\"dcf17b0\" data-element_type=\"container\">\n\t\t\t\t\t<div class=\"e-con-inner\">\n\t\t\t\t<div class=\"elementor-element elementor-element-f6f71a8 elementor-widget elementor-widget-heading\" data-id=\"f6f71a8\" data-element_type=\"widget\" data-widget_type=\"heading.default\">\n\t\t\t\t\t<h1 class=\"elementor-heading-title elementor-size-default\">Nuestro SANTUARIO<\/h1>\t\t\t\t<\/div>\n\t\t\t\t\t<\/div>\n\t\t\t\t<\/div>\n\t\t<div class=\"elementor-element elementor-element-ea01c58 e-flex e-con-boxed e-con e-parent\" data-id=\"ea01c58\" data-element_type=\"container\">\n\t\t\t\t\t<div class=\"e-con-inner\">\n\t\t\t\t<div class=\"elementor-element elementor-element-e6f60b9 elementor-widget elementor-widget-spacer\" data-id=\"e6f60b9\" data-element_type=\"widget\" data-widget_type=\"spacer.default\">\n\t\t\t\t\t\t\t<div class=\"elementor-spacer\">\n\t\t\t<div class=\"elementor-spacer-inner\"><\/div>\n\t\t<\/div>\n\t\t\t\t\t\t<\/div>\n\t\t\t\t<div class=\"elementor-element elementor-element-6f8bb4e elementor-arrows-position-inside elementor-pagination-position-outside elementor-widget elementor-widget-image-carousel\" data-id=\"6f8bb4e\" data-element_type=\"widget\" data-settings=\"{&quot;slides_to_show&quot;:&quot;2&quot;,&quot;slides_to_scroll&quot;:&quot;1&quot;,&quot;image_spacing_custom&quot;:{&quot;unit&quot;:&quot;px&quot;,&quot;size&quot;:5,&quot;sizes&quot;:[]},&quot;navigation&quot;:&quot;both&quot;,&quot;autoplay&quot;:&quot;yes&quot;,&quot;pause_on_hover&quot;:&quot;yes&quot;,&quot;pause_on_interaction&quot;:&quot;yes&quot;,&quot;autoplay_speed&quot;:5000,&quot;infinite&quot;:&quot;yes&quot;,&quot;speed&quot;:500,&quot;image_spacing_custom_tablet&quot;:{&quot;unit&quot;:&quot;px&quot;,&quot;size&quot;:&quot;&quot;,&quot;sizes&quot;:[]},&quot;image_spacing_custom_mobile&quot;:{&quot;unit&quot;:&quot;px&quot;,&quot;size&quot;:&quot;&quot;,&quot;sizes&quot;:[]}}\" data-widget_type=\"image-carousel.default\">\n\t\t\t\t\t\t\t<div class=\"elementor-image-carousel-wrapper swiper\" role=\"region\" aria-roledescription=\"carousel\" aria-label=\"Carrusel de im\u00e1genes\" dir=\"ltr\">\n\t\t\t<div class=\"elementor-image-carousel swiper-wrapper\" aria-live=\"off\">\n\t\t\t\t\t\t\t\t<div class=\"swiper-slide\" role=\"group\" aria-roledescription=\"slide\" aria-label=\"1 de 3\"><figure class=\"swiper-slide-inner\"><img decoding=\"async\" class=\"swiper-slide-image\" src=\"https:\/\/santuario40horas.cl\/wp-content\/uploads\/2026\/01\/WhatsApp-Image-2026-01-17-at-17.19.00-e1768868209631-768x442.jpeg\" alt=\"Santuario Virgen de las 40 horas\" \/><\/figure><\/div><div class=\"swiper-slide\" role=\"group\" aria-roledescription=\"slide\" aria-label=\"2 de 3\"><figure class=\"swiper-slide-inner\"><img decoding=\"async\" class=\"swiper-slide-image\" src=\"https:\/\/santuario40horas.cl\/wp-content\/uploads\/2026\/01\/WhatsApp-Image-2026-01-17-at-17.19.02-e1768868242346-768x442.jpeg\" alt=\"Santuario Virgen de las 40 horas\" \/><\/figure><\/div><div class=\"swiper-slide\" role=\"group\" aria-roledescription=\"slide\" aria-label=\"3 de 3\"><figure class=\"swiper-slide-inner\"><img decoding=\"async\" class=\"swiper-slide-image\" src=\"https:\/\/santuario40horas.cl\/wp-content\/uploads\/2026\/01\/WhatsApp-Image-2026-01-17-at-17.19.02-2-e1768868275614-768x442.jpeg\" alt=\"Santuario Virgen de las 40 horas\" \/><\/figure><\/div>\t\t\t<\/div>\n\t\t\t\t\t\t\t\t\t\t\t\t<div class=\"elementor-swiper-button elementor-swiper-button-prev\" role=\"button\" tabindex=\"0\">\n\t\t\t\t\t\t<svg aria-hidden=\"true\" class=\"e-font-icon-svg e-eicon-chevron-left\" viewBox=\"0 0 1000 1000\" xmlns=\"http:\/\/www.w3.org\/2000\/svg\"><path d=\"M646 125C629 125 613 133 604 142L308 442C296 454 292 471 292 487 292 504 296 521 308 533L604 854C617 867 629 875 646 875 663 875 679 871 692 858 704 846 713 829 713 812 713 796 708 779 692 767L438 487 692 225C700 217 708 204 708 187 708 171 704 154 692 142 675 129 663 125 646 125Z\"><\/path><\/svg>\t\t\t\t\t<\/div>\n\t\t\t\t\t<div class=\"elementor-swiper-button elementor-swiper-button-next\" role=\"button\" tabindex=\"0\">\n\t\t\t\t\t\t<svg aria-hidden=\"true\" class=\"e-font-icon-svg e-eicon-chevron-right\" viewBox=\"0 0 1000 1000\" xmlns=\"http:\/\/www.w3.org\/2000\/svg\"><path d=\"M696 533C708 521 713 504 713 487 713 471 708 454 696 446L400 146C388 133 375 125 354 125 338 125 325 129 313 142 300 154 292 171 292 187 292 204 296 221 308 233L563 492 304 771C292 783 288 800 288 817 288 833 296 850 308 863 321 871 338 875 354 875 371 875 388 867 400 854L696 533Z\"><\/path><\/svg>\t\t\t\t\t<\/div>\n\t\t\t\t\n\t\t\t\t\t\t\t\t\t<div class=\"swiper-pagination\"><\/div>\n\t\t\t\t\t\t\t\t\t<\/div>\n\t\t\t\t\t\t<\/div>\n\t\t\t\t\t<\/div>\n\t\t\t\t<\/div>\n\t\t<div class=\"elementor-element elementor-element-92fe450 e-flex e-con-boxed e-con e-parent\" data-id=\"92fe450\" data-element_type=\"container\">\n\t\t\t\t\t<div class=\"e-con-inner\">\n\t\t\t\t\t<\/div>\n\t\t\t\t<\/div>\n\t\t\t\t<\/div>\n\t\t","protected":false},"excerpt":{"rendered":"<p>Horario de MisasMartes a S\u00e1bado 19:00 horasDomingos 10:00 y 12:00 horasSanto Rosario 09:30 y 11:30 horasExposici\u00f3n del Sant\u00edsimo\u00a011:00 a 12:00 horas D\u00eda 19 de cada mes Misa de San Expedito en la Capilla Nuestra Se\u00f1ora de F\u00e1tima, Limachito 18:00 horas. Primer viernes de cada mes Sagrado Coraz\u00f3n: Adoraci\u00f3n al Sant\u00edsimo 11:00 horas. Misa 12:00 y [&hellip;]<\/p>\n","protected":false},"author":1,"featured_media":0,"parent":0,"menu_order":0,"comment_status":"closed","ping_status":"closed","template":"","meta":{"footnotes":""},"class_list":["post-687","page","type-page","status-publish","hentry"],"_links":{"self":[{"href":"https:\/\/santuario40horas.cl\/index.php?rest_route=\/wp\/v2\/pages\/687","targetHints":{"allow":["GET"]}}],"collection":[{"href":"https:\/\/santuario40horas.cl\/index.php?rest_route=\/wp\/v2\/pages"}],"about":[{"href":"https:\/\/santuario40horas.cl\/index.php?rest_route=\/wp\/v2\/types\/page"}],"author":[{"embeddable":true,"href":"https:\/\/santuario40horas.cl\/index.php?rest_route=\/wp\/v2\/users\/1"}],"replies":[{"embeddable":true,"href":"https:\/\/santuario40horas.cl\/index.php?rest_route=%2Fwp%2Fv2%2Fcomments&post=687"}],"version-history":[{"count":70,"href":"https:\/\/santuario40horas.cl\/index.php?rest_route=\/wp\/v2\/pages\/687\/revisions"}],"predecessor-version":[{"id":954,"href":"https:\/\/santuario40horas.cl\/index.php?rest_route=\/wp\/v2\/pages\/687\/revisions\/954"}],"wp:attachment":[{"href":"https:\/\/santuario40horas.cl\/index.php?rest_route=%2Fwp%2Fv2%2Fmedia&parent=687"}],"curies":[{"name":"wp","href":"https:\/\/api.w.org\/{rel}","templated":true}]}}