{"id":72,"date":"2016-01-12T14:28:27","date_gmt":"2016-01-12T14:28:27","guid":{"rendered":"http:\/\/172.31.50.131\/40horas\/?page_id=72"},"modified":"2026-01-18T23:35:14","modified_gmt":"2026-01-19T02:35:14","slug":"arte-liturgico","status":"publish","type":"page","link":"https:\/\/santuario40horas.cl\/?page_id=72","title":{"rendered":"Arte Lit\u00fargico"},"content":{"rendered":"\t\t<div data-elementor-type=\"wp-page\" data-elementor-id=\"72\" class=\"elementor elementor-72\">\n\t\t\t\t<div class=\"elementor-element elementor-element-2fc28efc e-flex e-con-boxed e-con e-parent\" data-id=\"2fc28efc\" data-element_type=\"container\">\n\t\t\t\t\t<div class=\"e-con-inner\">\n\t\t\t\t<div class=\"elementor-element elementor-element-621b0304 elementor-widget elementor-widget-text-editor\" data-id=\"621b0304\" data-element_type=\"widget\" data-widget_type=\"text-editor.default\">\n\t\t\t\t\t\t\t\t\t<h1 style=\"text-align: center;\">Arte Lit\u00fargico<\/h1><p style=\"text-align: left; padding-left: 40px;\">El atractivo mural que reviste los muros del pabell\u00f3n central del Santuario, es obra del destacado icon\u00f3grafo Juan Echenique, quien cuenta con numerosas obras en Chile y el extranjero, entre vitrales, mosaicos y murales.<br \/>Dedicado a la expresi\u00f3n pictoral de la tradici\u00f3n bizantina y en general del arte lit\u00fargico cristiano.<\/p><p style=\"text-align: left; padding-left: 40px;\">Esta obra fue pintada en 2008 y fue una donaci\u00f3n de la Fundaci\u00f3n Minardi de la Torre a la Parroquia.<\/p><p style=\"padding-left: 40px;\">El conjunto incluye las siguientes escenas:<\/p><p style=\"padding-left: 40px;\">En el \u00e1bside izquierdo: <strong>La Natividad del Se\u00f1or<\/strong><\/p><p style=\"padding-left: 40px;\">En el \u00e1bside central: en la parte superior est\u00e1 la <strong>Crucifixi\u00f3n del Se\u00f1or<\/strong> y en la parte inferior, <strong>La Santa Cena.<\/strong><\/p><p style=\"padding-left: 40px;\">En el \u00e1bside derecho: <strong>La Ascensi\u00f3n del Se\u00f1or<\/strong><\/p><p style=\"padding-left: 40px;\">El conjunto iconogr\u00e1fico de las 40 Horas muestra temas de las fiestas lit\u00fargicas, de las sagradas escrituras y la figura de los ap\u00f3stoles.<\/p>\t\t\t\t\t\t\t\t<\/div>\n\t\t\t\t\t<\/div>\n\t\t\t\t<\/div>\n\t\t<div class=\"elementor-element elementor-element-ec2f640 e-flex e-con-boxed e-con e-parent\" data-id=\"ec2f640\" data-element_type=\"container\">\n\t\t\t\t\t<div class=\"e-con-inner\">\n\t\t\t\t<div class=\"elementor-element elementor-element-be78b8a elementor-invisible elementor-widget elementor-widget-image\" data-id=\"be78b8a\" data-element_type=\"widget\" data-settings=\"{&quot;_animation&quot;:&quot;fadeIn&quot;}\" data-widget_type=\"image.default\">\n\t\t\t\t\t\t\t\t\t\t\t\t\t\t\t<img fetchpriority=\"high\" decoding=\"async\" width=\"800\" height=\"326\" src=\"https:\/\/santuario40horas.cl\/wp-content\/uploads\/2016\/01\/slide2-1024x417.png\" class=\"attachment-large size-large wp-image-12\" alt=\"\" srcset=\"https:\/\/santuario40horas.cl\/wp-content\/uploads\/2016\/01\/slide2-1024x417.png 1024w, https:\/\/santuario40horas.cl\/wp-content\/uploads\/2016\/01\/slide2-300x122.png 300w, https:\/\/santuario40horas.cl\/wp-content\/uploads\/2016\/01\/slide2-768x313.png 768w, https:\/\/santuario40horas.cl\/wp-content\/uploads\/2016\/01\/slide2.png 1400w\" sizes=\"(max-width: 800px) 100vw, 800px\" \/>\t\t\t\t\t\t\t\t\t\t\t\t\t\t\t<\/div>\n\t\t\t\t\t<\/div>\n\t\t\t\t<\/div>\n\t\t<div class=\"elementor-element elementor-element-d6423b4 e-flex e-con-boxed e-con e-parent\" data-id=\"d6423b4\" data-element_type=\"container\">\n\t\t\t\t\t<div class=\"e-con-inner\">\n\t\t\t\t<div class=\"elementor-element elementor-element-ee82eca elementor-widget elementor-widget-spacer\" data-id=\"ee82eca\" data-element_type=\"widget\" data-widget_type=\"spacer.default\">\n\t\t\t\t\t\t\t<div class=\"elementor-spacer\">\n\t\t\t<div class=\"elementor-spacer-inner\"><\/div>\n\t\t<\/div>\n\t\t\t\t\t\t<\/div>\n\t\t\t\t\t<\/div>\n\t\t\t\t<\/div>\n\t\t\t\t<\/div>\n\t\t","protected":false},"excerpt":{"rendered":"<p>Arte Lit\u00fargico El atractivo mural que reviste los muros del pabell\u00f3n central del Santuario, es obra del destacado icon\u00f3grafo Juan Echenique, quien cuenta con numerosas obras en Chile y el extranjero, entre vitrales, mosaicos y murales.Dedicado a la expresi\u00f3n pictoral de la tradici\u00f3n bizantina y en general del arte lit\u00fargico cristiano. Esta obra fue pintada [&hellip;]<\/p>\n","protected":false},"author":1,"featured_media":0,"parent":0,"menu_order":0,"comment_status":"closed","ping_status":"closed","template":"","meta":{"footnotes":""},"class_list":["post-72","page","type-page","status-publish","hentry"],"_links":{"self":[{"href":"https:\/\/santuario40horas.cl\/index.php?rest_route=\/wp\/v2\/pages\/72","targetHints":{"allow":["GET"]}}],"collection":[{"href":"https:\/\/santuario40horas.cl\/index.php?rest_route=\/wp\/v2\/pages"}],"about":[{"href":"https:\/\/santuario40horas.cl\/index.php?rest_route=\/wp\/v2\/types\/page"}],"author":[{"embeddable":true,"href":"https:\/\/santuario40horas.cl\/index.php?rest_route=\/wp\/v2\/users\/1"}],"replies":[{"embeddable":true,"href":"https:\/\/santuario40horas.cl\/index.php?rest_route=%2Fwp%2Fv2%2Fcomments&post=72"}],"version-history":[{"count":23,"href":"https:\/\/santuario40horas.cl\/index.php?rest_route=\/wp\/v2\/pages\/72\/revisions"}],"predecessor-version":[{"id":790,"href":"https:\/\/santuario40horas.cl\/index.php?rest_route=\/wp\/v2\/pages\/72\/revisions\/790"}],"wp:attachment":[{"href":"https:\/\/santuario40horas.cl\/index.php?rest_route=%2Fwp%2Fv2%2Fmedia&parent=72"}],"curies":[{"name":"wp","href":"https:\/\/api.w.org\/{rel}","templated":true}]}}