{"id":8,"date":"2016-01-11T15:16:06","date_gmt":"2016-01-11T15:16:06","guid":{"rendered":"http:\/\/172.31.50.131\/40horas\/?page_id=8"},"modified":"2026-01-25T23:34:06","modified_gmt":"2026-01-26T02:34:06","slug":"sacramentos","status":"publish","type":"page","link":"https:\/\/santuario40horas.cl\/?page_id=8","title":{"rendered":"Sacramentos"},"content":{"rendered":"\t\t<div data-elementor-type=\"wp-page\" data-elementor-id=\"8\" class=\"elementor elementor-8\">\n\t\t\t\t<div class=\"elementor-element elementor-element-3a21db89 e-flex e-con-boxed e-con e-parent\" data-id=\"3a21db89\" data-element_type=\"container\">\n\t\t\t\t\t<div class=\"e-con-inner\">\n\t\t\t\t<div class=\"elementor-element elementor-element-2dfdce43 elementor-widget elementor-widget-text-editor\" data-id=\"2dfdce43\" data-element_type=\"widget\" data-widget_type=\"text-editor.default\">\n\t\t\t\t\t\t\t\t\t<h1 style=\"padding-left: 40px;\">Bautismo<\/h1><h1 style=\"padding-left: 40px;\"><img fetchpriority=\"high\" decoding=\"async\" class=\"alignnone size-full wp-image-252\" src=\"http:\/\/40horas.cl\/wp-content\/uploads\/2016\/01\/928_bautismo_.jpg\" alt=\"928_bautismo_\" width=\"630\" height=\"350\" srcset=\"https:\/\/santuario40horas.cl\/wp-content\/uploads\/2016\/01\/928_bautismo_.jpg 630w, https:\/\/santuario40horas.cl\/wp-content\/uploads\/2016\/01\/928_bautismo_-300x167.jpg 300w\" sizes=\"(max-width: 630px) 100vw, 630px\" \/><\/h1><p style=\"padding-left: 40px;\">Es el sacramento por el que renacemos a la vida divina y somos hechos hijos de Dios.<br \/><em>\u201cEs un lavamiento de regeneraci\u00f3n y de iluminaci\u00f3n. Regeneraci\u00f3n porque act\u00faa ese nacimiento del agua y del Esp\u00edritu, sin el cual nadie puede entrar en el reino de los cielos (cf. Jn 03:05). Iluminaci\u00f3n, porque, por el Bautismo, la persona humana viene llenada de la gracia de Cristo, &#8220;la luz verdadera que ilumina a todo hombre&#8221; (Jn 1:09), y disipa las tinieblas del pecado.\u201d<\/em> (Papa Francisco, Catequesis, 13.11. 2013)<br \/>Inscripciones: deben asistir los padres a la secretar\u00eda de la parroquia con un plazo m\u00ednimo de 15 d\u00edas. Todos los s\u00e1bdos del mes a las 17:00 horas.<\/p><p style=\"padding-left: 40px;\">Requisitos para futuros bautizados:<\/p><ul><li style=\"list-style-type: none;\"><ul><li>Menor de 7 a\u00f1os<\/li><li>Mayor de 7 a\u00f1os debe inscribirse en catequesis de primera comuni\u00f3n<\/li><li>Certificado de nacimiento de la ni\u00f1a o ni\u00f1o<\/li><\/ul><\/li><li>Requisitos para padres:<br \/>\u2022 Libreta Matrimonio civil o<br \/>\u2022 Presentar certificado de nacimiento Completo de quien ser\u00e1 bautizado.<br \/>\u2022 Asistir a la catequesis bautismal<br \/>Requisitos para padrinos:<br \/>\u2022 Mayores de 16 a\u00f1os.<br \/>\u2022 Solteros (no convivientes).<br \/>\u2022 Si son casados deben serlo por la Iglesia cat\u00f3lica.<br \/>\u2022 Deben estar bautizados, haber hecho su primera comuni\u00f3n. Y estar confirmados (uno al menos).<br \/>\u2022 No pueden ser de otras religiones. \u2022 Charlas una hora antes de la ceremonia.<\/li><li>Catequesis bautismal:<br \/>2 Viernes anterior al Bautismo a las 19:30 invierno y a las 20:00 verano.<br \/>\u00a1Tu hijo puede llegar a ser hijo de Dios por la gracia, ser liberado de pecado original y miembro de la Iglesia!<\/li><\/ul><h1 style=\"padding-left: 40px;\">Eucarist\u00eda<\/h1><p style=\"padding-left: 40px;\">Y mientras com\u00edan, tom\u00f3 Jes\u00fas el pan, y bendijo, y lo parti\u00f3, y dio a sus disc\u00edpulos, y dijo: Tomad, comed; esto es mi cuerpo. Y tomando la copa, y habiendo dado gracias, les dio, diciendo: Bebed de ella todos; porque esto es mi sangre del nuevo pacto, que por muchos es derramada para remisi\u00f3n de los pecados. (Mateo 26, 26-28)<br \/><em>\u201cLa Eucarist\u00eda constituye la cumbre de la acci\u00f3n de salvaci\u00f3n de Dios: el Se\u00f1or Jes\u00fas, haci\u00e9ndose pan partido por nosotros, vuelca, en efecto, sobre nosotros toda su misericordia y su amor, de tal modo que renueva nuestro coraz\u00f3n, nuestra existencia y nuestro modo de relacionarnos con \u00c9l y con los hermanos.\u201d<\/em> (Papa Francisco. Audiencia General, 05.02.2014)<\/p><h1 style=\"padding-left: 40px;\">Confesiones<\/h1><h1 style=\"padding-left: 40px;\"><img decoding=\"async\" class=\"alignnone size-full wp-image-255\" src=\"http:\/\/40horas.cl\/wp-content\/uploads\/2016\/01\/LaCofesion.png\" alt=\"LaCofesion\" width=\"540\" height=\"135\" srcset=\"https:\/\/santuario40horas.cl\/wp-content\/uploads\/2016\/01\/LaCofesion.png 540w, https:\/\/santuario40horas.cl\/wp-content\/uploads\/2016\/01\/LaCofesion-300x75.png 300w\" sizes=\"(max-width: 540px) 100vw, 540px\" \/><\/h1><p style=\"padding-left: 40px;\">El sacramento de la Penitencia, o Reconciliaci\u00f3n, o Confesi\u00f3n, es el sacramento instituido por Nuestro Se\u00f1or Jesucristo para borrar los pecados cometidos despu\u00e9s del Bautismo. Es, por consiguiente, el sacramento de nuestra curaci\u00f3n espiritual, llamado tambi\u00e9n sacramento de la conversi\u00f3n, porque realiza sacramentalmente nuestro retorno a los brazos del padre despu\u00e9s de que nos hemos alejado con el pecado.<br \/><em>\u201cEl sacramento de la reconciliaci\u00f3n es un sacramento de sanaci\u00f3n. Cuando yo voy a confesarme, es para sanarme: sanar el alma, sanar el coraz\u00f3n por algo que hice no est\u00e1 bien.\u201d<\/em> (Papa Francisco. Catequesis, 19.02.2014)<br \/>Confesiones son media hora antes de cada Eucarist\u00eda<\/p><h1 style=\"padding-left: 40px;\">Matrimonios<\/h1><p style=\"padding-left: 40px;\">El Matrimonio fue instituido por Dios cuando cre\u00f3 al hombre y a la mujer. Para los cristianos, Jesucristo lo elev\u00f3 a la dignidad de sacramento; un sacramento que da a los esposos una gracia especial para ser fieles una al otro y santificarse en la vida matrimonial y familiar, ya que el matrimonio cristiano es una aut\u00e9ntica vocaci\u00f3n sobrenatural.<br \/>El matrimonio religioso se establece con el consentimiento libre de cada uno de los dos contrayentes manifestado ante el representante de la Iglesia.<br \/>El Matrimonio por su naturaleza est\u00e1 ordenado a la generaci\u00f3n y la educaci\u00f3n de los hijos, al amor y ayuda entre los esposos y a su santificaci\u00f3n personal.<\/p><h4 style=\"padding-left: 40px;\">\u00bfQu\u00e9 es el Matrimonio?<\/h4><p style=\"padding-left: 40px;\">El Matrimonio es el sacramento que santifica la uni\u00f3n indisoluble entre un hombre y una mujer cristianos, y les concede la gracia para cumplir fielmente sus deberes de esposos y de padres.<br \/>Les informamos que deben seguir los siguientes pasos:<\/p><h5 style=\"padding-left: 40px;\">INSCRIPCI\u00d3N<\/h5><p style=\"padding-left: 40px;\">Es importante saber que, al menos uno de los dos novios, debe vivir en el territorio de la Parroquia.<br \/>Acercarse a la Secretar\u00eda Pastoral una vez que han tomado la desici\u00f3n de casarse, ya que el plazo l\u00edmite son 4 meses antes de contraer matrimonio. Tambi\u00e9n se puede llamar al fono 33-2411158 en horario de 10:00 a 12:30 y de 15:30 a 19:00 hrs.<br \/>Deben traer:<br \/>El Certificado de Bautismo de cada novio, actualizado (no m\u00e1s de 6 meses de antig\u00fcedad). Deben presentar original y fotocopia.<br \/>Si ya se han casado por el civil, deben traer la Libreta de Matrimonio civil o Acta de manifestaci\u00f3n ante el oficial civil. En esa ocasi\u00f3n se recomienda reservar la fecha del matrimonio. En la Parroquia.<\/p><h5 style=\"padding-left: 40px;\">INFORMACI\u00d3N MATRIMONIAL<\/h5><p style=\"padding-left: 40px;\">Verificar el horario de la oficina o de atenci\u00f3n de 9:30 a 13:30 horas y de 15:30 a 18:30 horas con <strong>al menos 6 meses de anticipaci\u00f3n<\/strong>.<\/p><p style=\"padding-left: 40px;\">Dos testigos (uno por cada novio) que conozca la historia de amor y no sea un familiar, ni matrimonio. Los testigos deben conocerlos al menos dos a\u00f1os y ser mayores de edad. Cada testigo debe llevar su carnet de identidad.<br \/>ENCUENTROS DE PREPARACI\u00d3N<br \/>Posteriormente ser\u00e1n invitados a 4 encuentros por un matrimonio monitor.<br \/>Los novios recibir\u00e1n una valiosa ayuda conversando sobre la importancia del matrimonio, siempre bas\u00e1ndonos en las ense\u00f1anzas del Se\u00f1or Jesucristo. La idea es acompa\u00f1arlos en la formulaci\u00f3n de un Proyecto de Vida Matrimonial.<br \/>Nos alegramos que se deseen casar por la Iglesia, y as\u00ed recibir las gracias del Sacramento que les acompa\u00f1ar\u00e1n en su compromiso de amor para toda la vida.<\/p><h1 style=\"padding-left: 40px;\">Unci\u00f3n de los enfermos<\/h1><h1 style=\"padding-left: 40px;\"><img decoding=\"async\" class=\"alignnone size-full wp-image-254\" src=\"http:\/\/40horas.cl\/wp-content\/uploads\/2016\/01\/19801_la_uncion_de_los_enfermos_no_es_solo_para_el_peligro_de_muerte_inminente_y_es_mejor_recibirla_con_tiempo__confesion_y_estando_consciente.jpg\" alt=\"19801_la_uncion_de_los_enfermos_no_es_solo_para_el_peligro_de_muerte_inminente_y_es_mejor_recibirla_con_tiempo__confesion_y_estando_consciente\" width=\"640\" height=\"200\" srcset=\"https:\/\/santuario40horas.cl\/wp-content\/uploads\/2016\/01\/19801_la_uncion_de_los_enfermos_no_es_solo_para_el_peligro_de_muerte_inminente_y_es_mejor_recibirla_con_tiempo__confesion_y_estando_consciente.jpg 640w, https:\/\/santuario40horas.cl\/wp-content\/uploads\/2016\/01\/19801_la_uncion_de_los_enfermos_no_es_solo_para_el_peligro_de_muerte_inminente_y_es_mejor_recibirla_con_tiempo__confesion_y_estando_consciente-300x94.jpg 300w\" sizes=\"(max-width: 640px) 100vw, 640px\" \/><\/h1><p style=\"padding-left: 40px;\">\u00bfEst\u00e1 alguno enfermo entre vosotros? Llame a los ancianos de la iglesia, y oren por \u00e9l, ungi\u00e9ndole con aceite en el nombre del Se\u00f1or. Y la oraci\u00f3n de fe salvar\u00e1 al enfermo, y el Se\u00f1or lo levantar\u00e1; y si hubiere cometido pecados, le ser\u00e1n perdonados. (Santiago, 5: 14-15)<br \/><em>\u201cEs Jes\u00fas mismo quien llega para aliviar al enfermo, para darle fuerza, para darle esperanza, para ayudarle; tambi\u00e9n para perdonarle los pecados.\u201d<\/em> (Papa Francisco. Audiencia General, 26.02.2014)<br \/>Para solicitar la visita del sacerdote a un enfermo dentro del territorio parroquial, debe llamar a la secretaria de 10:00 \u2013 12:30 hrs. o de 15:30 a 19:00 hrs. (33 -2411158) o bien, venir a la secretar\u00eda parroquial.<br \/>Datos solicitados:<br \/>\u2022 Nombre de la persona enferma y tel\u00e9fono de contacto.<br \/>\u2022 Nombre y tel\u00e9fono de quien solicita el servicio.<br \/>\u2022 Indicar la urgencia con que se requiere la visita.<\/p>\t\t\t\t\t\t\t\t<\/div>\n\t\t\t\t\t<\/div>\n\t\t\t\t<\/div>\n\t\t\t\t<\/div>\n\t\t","protected":false},"excerpt":{"rendered":"<p>Bautismo Es el sacramento por el que renacemos a la vida divina y somos hechos hijos de Dios.\u201cEs un lavamiento de regeneraci\u00f3n y de iluminaci\u00f3n. Regeneraci\u00f3n porque act\u00faa ese nacimiento del agua y del Esp\u00edritu, sin el cual nadie puede entrar en el reino de los cielos (cf. Jn 03:05). Iluminaci\u00f3n, porque, por el Bautismo, [&hellip;]<\/p>\n","protected":false},"author":1,"featured_media":0,"parent":0,"menu_order":0,"comment_status":"closed","ping_status":"closed","template":"","meta":{"footnotes":""},"class_list":["post-8","page","type-page","status-publish","hentry"],"_links":{"self":[{"href":"https:\/\/santuario40horas.cl\/index.php?rest_route=\/wp\/v2\/pages\/8","targetHints":{"allow":["GET"]}}],"collection":[{"href":"https:\/\/santuario40horas.cl\/index.php?rest_route=\/wp\/v2\/pages"}],"about":[{"href":"https:\/\/santuario40horas.cl\/index.php?rest_route=\/wp\/v2\/types\/page"}],"author":[{"embeddable":true,"href":"https:\/\/santuario40horas.cl\/index.php?rest_route=\/wp\/v2\/users\/1"}],"replies":[{"embeddable":true,"href":"https:\/\/santuario40horas.cl\/index.php?rest_route=%2Fwp%2Fv2%2Fcomments&post=8"}],"version-history":[{"count":24,"href":"https:\/\/santuario40horas.cl\/index.php?rest_route=\/wp\/v2\/pages\/8\/revisions"}],"predecessor-version":[{"id":958,"href":"https:\/\/santuario40horas.cl\/index.php?rest_route=\/wp\/v2\/pages\/8\/revisions\/958"}],"wp:attachment":[{"href":"https:\/\/santuario40horas.cl\/index.php?rest_route=%2Fwp%2Fv2%2Fmedia&parent=8"}],"curies":[{"name":"wp","href":"https:\/\/api.w.org\/{rel}","templated":true}]}}